{"id":27490,"date":"2021-09-28T04:59:21","date_gmt":"2021-09-28T10:59:21","guid":{"rendered":"https:\/\/lvrevolution.com\/terminos-y-condiciones\/"},"modified":"2022-09-05T08:40:18","modified_gmt":"2022-09-05T14:40:18","slug":"terminos-y-condiciones","status":"publish","type":"page","link":"https:\/\/lvrevolution.com\/es\/terminos-y-condiciones\/","title":{"rendered":"T\u00e9rminos y condiciones"},"content":{"rendered":"\n<h2 class=\"wp-block-heading\"><\/h2>\n\n<p>Bienvenido a Love Revolution by Arantxa &#8211; \u00a1Ropa!<\/p>\n\n<p>Estos t\u00e9rminos y condiciones describen las normas y regulaciones para el uso del sitio web de Love Revolution, ubicado en lvrevolution.com.<\/p>\n\n<p>Al acceder a este sitio web asumimos que usted acepta estos t\u00e9rminos y condiciones. No sigas utilizando Love Revolution by Arantxa &#8211; Clothes si no est\u00e1s de acuerdo en aceptar todos los t\u00e9rminos y condiciones establecidos en esta p\u00e1gina.<\/p>\n\n<p>La siguiente terminolog\u00eda se aplica a estos T\u00e9rminos y Condiciones, a la Declaraci\u00f3n de Privacidad y al Aviso de Exenci\u00f3n de Responsabilidad y a todos los Acuerdos: \u00abCliente\u00bb, \u00abUsted\u00bb y \u00abSu\u00bb se refiere a usted, la persona que se registra en este sitio web y cumple con los t\u00e9rminos y condiciones de la Compa\u00f1\u00eda. \u00abLa empresa\u00bb, \u00abNosotros\u00bb, \u00abNuestro\u00bb y \u00abNos\u00bb, se refiere a nuestra empresa. \u00abParte\u00bb, \u00abPartes\u00bb o \u00abNosotros\u00bb, se refiere tanto al Cliente como a nosotros. Todos los t\u00e9rminos se refieren a la oferta, la aceptaci\u00f3n y la consideraci\u00f3n del pago necesario para llevar a cabo el proceso de nuestra asistencia al Cliente de la manera m\u00e1s adecuada con el prop\u00f3sito expreso de satisfacer las necesidades del Cliente con respecto a la prestaci\u00f3n de los servicios indicados de la Compa\u00f1\u00eda, de acuerdo con y sujeto a la legislaci\u00f3n vigente de Utah (Estados Unidos). Cualquier uso de la terminolog\u00eda anterior u otras palabras en singular, plural, may\u00fasculas y\/o \u00e9l\/ella o ellos, se consideran intercambiables y, por tanto, se refieren a lo mismo.<\/p>\n\n<h3 class=\"wp-block-heading\" id=\"cookies\"><strong>Galletas<\/strong><\/h3>\n\n<p>Empleamos el uso de cookies. Al acceder a Love Revolution by Arantxa &#8211; Clothes, aceptas el uso de cookies de acuerdo con la Pol\u00edtica de Privacidad de Love Revolution.<\/p>\n\n<p>La mayor\u00eda de los sitios web interactivos utilizan cookies para permitirnos recuperar los datos del usuario en cada visita. Nuestro sitio web utiliza cookies para permitir la funcionalidad de ciertas \u00e1reas para facilitar a las personas que visitan nuestro sitio web. Algunos de nuestros socios afiliados\/publicitarios tambi\u00e9n pueden utilizar cookies.<\/p>\n\n<h3 class=\"wp-block-heading\" id=\"license\"><strong>Licencia<\/strong><\/h3>\n\n<p>A menos que se indique lo contrario, Love Revolution y\/o sus licenciatarios son los propietarios de los derechos de propiedad intelectual de todo el material de Love Revolution by Arantxa &#8211; Clothes. Todos los derechos de propiedad intelectual est\u00e1n reservados. Puedes acceder a esto desde Love Revolution by Arantxa &#8211; Clothes para tu uso personal sujeto a las restricciones establecidas en estos t\u00e9rminos y condiciones.<\/p>\n\n<p>No debes:<\/p>\n\n<ul class=\"wp-block-list\"><li>Reproducir material de Love Revolution por Arantxa &#8211; Ropa<\/li><li>Vender, alquilar o sublicenciar material de Love Revolution by Arantxa &#8211; Clothes<\/li><li>Reproducir, duplicar o copiar material de Love Revolution by Arantxa &#8211; Clothes<\/li><li>Redistribuir contenido de Love Revolution by Arantxa &#8211; Ropa<\/li><\/ul>\n\n<p>Algunas partes de este sitio web ofrecen la oportunidad de que los usuarios publiquen e intercambien opiniones e informaci\u00f3n en ciertas \u00e1reas del sitio web. Love Revolution no filtra, edita, publica o revisa los Comentarios antes de su presencia en el sitio web. Los comentarios no reflejan los puntos de vista y opiniones de Love Revolution, sus agentes y\/o afiliados. Los comentarios reflejan los puntos de vista y las opiniones de la persona que los publica. En la medida permitida por las leyes aplicables, Love Revolution no ser\u00e1 responsable de los Comentarios o de cualquier responsabilidad, da\u00f1os o gastos causados y\/o sufridos como resultado de cualquier uso y\/o publicaci\u00f3n y\/o aparici\u00f3n de los Comentarios en esta p\u00e1gina web.<\/p>\n\n<p>Love Revolution se reserva el derecho de supervisar todos los comentarios y de eliminar cualquier comentario que pueda considerarse inapropiado, ofensivo o que infrinja estos t\u00e9rminos y condiciones.<\/p>\n\n<p>Usted garantiza y declara que:<\/p>\n\n<ul class=\"wp-block-list\"><li>Usted tiene derecho a publicar los Comentarios en nuestro sitio web y tiene todas las licencias y consentimientos necesarios para hacerlo;<\/li><li>Los comentarios no invaden ning\u00fan derecho de propiedad intelectual, incluidos, sin limitaci\u00f3n, los derechos de autor, las patentes o las marcas comerciales de terceros;<\/li><li>Los comentarios no contienen ning\u00fan material difamatorio, calumnioso, ofensivo, indecente o ilegal que suponga una invasi\u00f3n de la privacidad<\/li><li>Los comentarios no se utilizar\u00e1n para solicitar o promover negocios o costumbres o presentar actividades comerciales o il\u00edcitas.<\/li><\/ul>\n\n<p>Por la presente, usted concede a Love Revolution una licencia no exclusiva para utilizar, reproducir, editar y autorizar a otros a utilizar, reproducir y editar cualquiera de sus Comentarios en cualquier forma, formato o medio.<\/p>\n\n<h3 class=\"wp-block-heading\" id=\"hyperlinking-to-our-content\"><strong>Hiperv\u00ednculos a nuestro contenido<\/strong><\/h3>\n\n<p>Las siguientes organizaciones pueden enlazar con nuestro sitio web sin necesidad de aprobaci\u00f3n previa por escrito:<\/p>\n\n<ul class=\"wp-block-list\"><li>Agencias gubernamentales;<\/li><li>Motores de b\u00fasqueda;<\/li><li>Organizaciones de noticias;<\/li><li>Los distribuidores de directorios en l\u00ednea pueden enlazar con nuestro sitio web de la misma manera que lo hacen con los sitios web de otras empresas incluidas en la lista; y<\/li><li>Empresas acreditadas en todo el sistema, excepto las organizaciones sin \u00e1nimo de lucro, los centros comerciales ben\u00e9ficos y los grupos de recaudaci\u00f3n de fondos ben\u00e9ficos, que no pueden establecer un hiperv\u00ednculo con nuestro sitio web.<\/li><\/ul>\n\n<p>Estas organizaciones pueden enlazar con nuestra p\u00e1gina de inicio, con publicaciones o con otra informaci\u00f3n del sitio web, siempre que el enlace: (a) no es de ninguna manera enga\u00f1osa; (b) no implica falsamente el patrocinio, el respaldo o la aprobaci\u00f3n de la parte que enlaza y de sus productos y\/o servicios; y (c) se ajusta al contexto del sitio de la parte enlazada.<\/p>\n\n<p>Podemos considerar y aprobar otras solicitudes de enlaces de los siguientes tipos de organizaciones:<\/p>\n\n<ul class=\"wp-block-list\"><li>fuentes de informaci\u00f3n com\u00fanmente conocidas por los consumidores y\/o las empresas;<\/li><li>sitios de la comunidad punto.com;<\/li><li>asociaciones u otros grupos que representen a las organizaciones ben\u00e9ficas;<\/li><li>distribuidores de directorios en l\u00ednea;<\/li><li>portales de Internet;<\/li><li>empresas de contabilidad, derecho y consultor\u00eda; y<\/li><li>instituciones educativas y asociaciones comerciales.<\/li><\/ul>\n\n<p>Aprobaremos las solicitudes de enlace de estas organizaciones si as\u00ed lo decidimos: (a) que el v\u00ednculo no nos haga quedar mal a nosotros mismos o a nuestras empresas acreditadas; (b) la organizaci\u00f3n no tiene ning\u00fan registro negativo con nosotros; (c) el beneficio para nosotros de la visibilidad del hiperv\u00ednculo compensa la ausencia de Love Revolution; y (d) el enlace se encuentra en el contexto de la informaci\u00f3n general de recursos.<\/p>\n\n<p>Estas organizaciones pueden enlazar con nuestra p\u00e1gina de inicio siempre que el enlace: (a) no es de ninguna manera enga\u00f1osa; (b) no implique falsamente el patrocinio, el respaldo o la aprobaci\u00f3n de la parte que enlaza y de sus productos o servicios; y (c) se ajusta al contexto del sitio de la parte enlazada.<\/p>\n\n<p>Si usted es una de las organizaciones enumeradas en el p\u00e1rrafo 2 anterior y est\u00e1 interesado en establecer un enlace con nuestro sitio web, debe informarnos enviando un correo electr\u00f3nico a Love Revolution. Por favor, incluya su nombre, el nombre de su organizaci\u00f3n, la informaci\u00f3n de contacto as\u00ed como la URL de su sitio, una lista de las URL desde las que pretende enlazar con nuestro sitio web y una lista de las URL de nuestro sitio a las que le gustar\u00eda enlazar. Espere 2-3 semanas para obtener una respuesta.<\/p>\n\n<p>Las organizaciones autorizadas pueden establecer hiperv\u00ednculos con nuestro sitio web de la siguiente manera:<\/p>\n\n<ul class=\"wp-block-list\"><li>Mediante el uso de nuestro nombre corporativo; o<\/li><li>Mediante el uso del localizador uniforme de recursos al que se enlaza; o<\/li><li>Mediante el uso de cualquier otra descripci\u00f3n de nuestro sitio web al que se enlaza que tenga sentido dentro del contexto y el formato del contenido del sitio de la parte que enlaza.<\/li><\/ul>\n\n<p>No se permitir\u00e1 el uso del logotipo de Love Revolution ni de otras obras de arte para establecer enlaces si no existe un acuerdo de licencia de marca.<\/p>\n\n<h3 class=\"wp-block-heading\" id=\"iframes\"><strong>iFrames<\/strong><\/h3>\n\n<p>Sin la aprobaci\u00f3n previa y el permiso por escrito, usted no puede crear marcos alrededor de nuestras p\u00e1ginas web que alteren de alguna manera la presentaci\u00f3n visual o la apariencia de nuestro sitio web.<\/p>\n\n<h3 class=\"wp-block-heading\" id=\"content-liability\"><strong>Responsabilidad por el contenido<\/strong><\/h3>\n\n<p>No seremos responsables de ning\u00fan contenido que aparezca en su sitio web. Usted se compromete a protegernos y defendernos de todas las reclamaciones que se produzcan en su sitio web. No debe aparecer ning\u00fan enlace en ning\u00fan sitio web que pueda interpretarse como difamatorio, obsceno o delictivo, o que infrinja, viole o propugne la infracci\u00f3n u otra violaci\u00f3n de derechos de terceros.<\/p>\n\n<h3 class=\"wp-block-heading\" id=\"your-privacy\"><strong>Su privacidad<\/strong><\/h3>\n\n<p>Lea <a href=\"https:\/\/lvrevolution.com\/es\/politica-de-privacidad\/\" data-type=\"page\" data-id=\"25798\">la pol\u00edtica de privacidad<\/a><\/p>\n\n<h3 class=\"wp-block-heading\" id=\"reservation-of-rights\"><strong>Reserva de derechos<\/strong><\/h3>\n\n<p>Nos reservamos el derecho a solicitar que se eliminen todos los enlaces o cualquier enlace concreto a nuestro sitio web. Usted se compromete a eliminar inmediatamente todos los enlaces a nuestro sitio web cuando se le solicite. Tambi\u00e9n nos reservamos el derecho de modificar estas condiciones y su pol\u00edtica de enlaces en cualquier momento. Al enlazar continuamente con nuestro sitio web, usted acepta someterse a estos t\u00e9rminos y condiciones de enlace.<\/p>\n\n<h3 class=\"wp-block-heading\" id=\"removal-of-links-from-our-website\"><strong>Eliminaci\u00f3n de enlaces de nuestro sitio web<\/strong><\/h3>\n\n<p>Si encuentra alg\u00fan enlace en nuestro sitio web que resulte ofensivo por cualquier motivo, puede ponerse en contacto con nosotros e informarnos en cualquier momento. Tendremos en cuenta las solicitudes de eliminaci\u00f3n de enlaces, pero no estamos obligados a hacerlo ni a responderle directamente.<\/p>\n\n<p>No aseguramos que la informaci\u00f3n contenida en este sitio web sea correcta, no garantizamos su integridad o exactitud; tampoco nos comprometemos a asegurar que el sitio web siga estando disponible o que el material del sitio web se mantenga actualizado.<\/p>\n\n<h3 class=\"wp-block-heading\" id=\"disclaimer\"><strong>Descargo de responsabilidad<\/strong><\/h3>\n\n<p>En la medida m\u00e1xima permitida por la ley aplicable, excluimos todas las representaciones, garant\u00edas y condiciones relacionadas con nuestro sitio web y el uso de este sitio web. Nada de lo contenido en esta cl\u00e1usula de exenci\u00f3n de responsabilidad lo har\u00e1:<\/p>\n\n<ul class=\"wp-block-list\"><li>limitar o excluir nuestra responsabilidad o la suya en caso de muerte o da\u00f1os personales;<\/li><li>limitar o excluir nuestra responsabilidad o la suya en caso de fraude o tergiversaci\u00f3n fraudulenta;<\/li><li>limitar cualquiera de nuestras responsabilidades o las suyas de cualquier manera que no est\u00e9 permitida por la legislaci\u00f3n aplicable; o<\/li><li>excluir cualquiera de nuestras responsabilidades o de las suyas que no puedan ser excluidas en virtud de la legislaci\u00f3n aplicable.<\/li><\/ul>\n\n<p>Las limitaciones y prohibiciones de responsabilidad establecidas en esta secci\u00f3n y en otras partes de esta exenci\u00f3n de responsabilidad: (a) est\u00e1n sujetos al p\u00e1rrafo anterior; y (b) regula todas las responsabilidades derivadas de la exenci\u00f3n de responsabilidad, incluidas las responsabilidades contractuales, extracontractuales y por incumplimiento de obligaciones legales.<\/p>\n\n<p>Mientras el sitio web y la informaci\u00f3n y los servicios del mismo se proporcionen de forma gratuita, no seremos responsables de ninguna p\u00e9rdida o da\u00f1o de cualquier naturaleza.<\/p>\n\n<p>El presente Acuerdo comenzar\u00e1 en la fecha del mismo. Nuestros T\u00e9rminos y Condiciones fueron creados con la ayuda del <a href=\"https:\/\/www.termsandconditionsgenerator.com\" target=\"_blank\" rel=\"noopener\">Generador de T\u00e9rminos y Condiciones<\/a>.<\/p>\n","protected":false},"excerpt":{"rendered":"<p>Bienvenido a Love Revolution by Arantxa &#8211; \u00a1Ropa! Estos t\u00e9rminos y condiciones describen las normas y regulaciones para el uso del sitio web de Love Revolution, ubicado en lvrevolution.com. Al [&hellip;]<\/p>\n","protected":false},"author":1,"featured_media":0,"parent":0,"menu_order":0,"comment_status":"closed","ping_status":"closed","template":"","meta":{"_et_pb_use_builder":"off","_et_pb_old_content":"","_et_gb_content_width":"","_coblocks_attr":"","_coblocks_dimensions":"","_coblocks_responsive_height":"","_coblocks_accordion_ie_support":"","footnotes":""},"class_list":["post-27490","page","type-page","status-publish","hentry"],"_links":{"self":[{"href":"https:\/\/lvrevolution.com\/es\/wp-json\/wp\/v2\/pages\/27490","targetHints":{"allow":["GET"]}}],"collection":[{"href":"https:\/\/lvrevolution.com\/es\/wp-json\/wp\/v2\/pages"}],"about":[{"href":"https:\/\/lvrevolution.com\/es\/wp-json\/wp\/v2\/types\/page"}],"author":[{"embeddable":true,"href":"https:\/\/lvrevolution.com\/es\/wp-json\/wp\/v2\/users\/1"}],"replies":[{"embeddable":true,"href":"https:\/\/lvrevolution.com\/es\/wp-json\/wp\/v2\/comments?post=27490"}],"version-history":[{"count":1,"href":"https:\/\/lvrevolution.com\/es\/wp-json\/wp\/v2\/pages\/27490\/revisions"}],"predecessor-version":[{"id":27491,"href":"https:\/\/lvrevolution.com\/es\/wp-json\/wp\/v2\/pages\/27490\/revisions\/27491"}],"wp:attachment":[{"href":"https:\/\/lvrevolution.com\/es\/wp-json\/wp\/v2\/media?parent=27490"}],"curies":[{"name":"wp","href":"https:\/\/api.w.org\/{rel}","templated":true}]}}