{"id":27488,"date":"2021-10-08T04:22:52","date_gmt":"2021-10-08T10:22:52","guid":{"rendered":"https:\/\/lvrevolution.com\/politica-de-devoluciones-y-reembolsos\/"},"modified":"2022-09-05T08:40:18","modified_gmt":"2022-09-05T14:40:18","slug":"politica-de-devoluciones-y-reembolsos","status":"publish","type":"page","link":"https:\/\/lvrevolution.com\/es\/politica-de-devoluciones-y-reembolsos\/","title":{"rendered":"Pol\u00edtica de devoluciones y reembolsos"},"content":{"rendered":"\n<p>Nuestra pol\u00edtica de reembolsos y devoluciones dura 30 d\u00edas. Si han pasado 30 d\u00edas desde su compra, no podemos ofrecerle un reembolso o cambio completo.<\/p>\n\n<p>Para poder realizar una devoluci\u00f3n, el art\u00edculo debe estar sin usar y en el mismo estado en que lo recibi\u00f3. Tambi\u00e9n debe estar en el embalaje original.<\/p>\n\n<p>Para completar su devoluci\u00f3n, necesitamos un recibo o prueba de compra.<\/p>\n\n<p>Una vez recibida e inspeccionada su devoluci\u00f3n, le enviaremos un correo electr\u00f3nico para notificarle que hemos recibido su art\u00edculo devuelto. Tambi\u00e9n le notificaremos la aprobaci\u00f3n o el rechazo de su reembolso.<\/p>\n\n<p>Si se aprueba, se procesar\u00e1 el reembolso y se aplicar\u00e1 autom\u00e1ticamente un cr\u00e9dito a su tarjeta de cr\u00e9dito o m\u00e9todo de pago original, en un plazo determinado de d\u00edas.<\/p>\n\n<p>Si a\u00fan no ha recibido el reembolso, primero compruebe de nuevo su cuenta bancaria.<\/p>\n\n<p>A continuaci\u00f3n, p\u00f3ngase en contacto con la compa\u00f1\u00eda de su tarjeta de cr\u00e9dito, ya que puede pasar alg\u00fan tiempo antes de que se contabilice oficialmente su reembolso.<\/p>\n\n<p>A continuaci\u00f3n, p\u00f3ngase en contacto con su banco. A menudo hay un tiempo de procesamiento antes de que se contabilice el reembolso.<\/p>\n\n<p>Si ha hecho todo esto y todav\u00eda no ha recibido su reembolso, p\u00f3ngase en contacto con nosotros en arantxa@lvrevolution.com.<\/p>\n\n<p>S\u00f3lo se pueden reembolsar los art\u00edculos de precio normal.  <strong>Los art\u00edculos en venta no pueden ser reembolsados.<\/strong><\/p>\n\n<p>S\u00f3lo sustituimos los art\u00edculos si est\u00e1n defectuosos o da\u00f1ados. Si necesitas cambiarlo por el mismo art\u00edculo, env\u00edanos un correo electr\u00f3nico a arantxa@lvrevolution.com.<\/p>\n\n<p>Usted ser\u00e1 responsable de pagar sus propios gastos de env\u00edo para devolver su art\u00edculo. Los gastos de env\u00edo no son reembolsables. Si recibe un reembolso, los gastos de env\u00edo de la devoluci\u00f3n se deducir\u00e1n de su reembolso.<\/p>\n\n<p>Dependiendo de su lugar de residencia, el tiempo que puede tardar en llegar su producto intercambiado puede variar.<\/p>\n\n<p>No garantizamos que recibamos su art\u00edculo devuelto.<\/p>\n\n<p>P\u00f3ngase en contacto con nosotros en arantxa@lvrevolution.com para las preguntas relacionadas con los reembolsos y las devoluciones.<\/p>\n","protected":false},"excerpt":{"rendered":"<p>Nuestra pol\u00edtica de reembolsos y devoluciones dura 30 d\u00edas. Si han pasado 30 d\u00edas desde su compra, no podemos ofrecerle un reembolso o cambio completo. Para poder realizar una devoluci\u00f3n, [&hellip;]<\/p>\n","protected":false},"author":1,"featured_media":0,"parent":0,"menu_order":0,"comment_status":"closed","ping_status":"closed","template":"","meta":{"_et_pb_use_builder":"","_et_pb_old_content":"","_et_gb_content_width":"","_coblocks_attr":"","_coblocks_dimensions":"","_coblocks_responsive_height":"","_coblocks_accordion_ie_support":"","footnotes":""},"class_list":["post-27488","page","type-page","status-publish","hentry"],"_links":{"self":[{"href":"https:\/\/lvrevolution.com\/es\/wp-json\/wp\/v2\/pages\/27488","targetHints":{"allow":["GET"]}}],"collection":[{"href":"https:\/\/lvrevolution.com\/es\/wp-json\/wp\/v2\/pages"}],"about":[{"href":"https:\/\/lvrevolution.com\/es\/wp-json\/wp\/v2\/types\/page"}],"author":[{"embeddable":true,"href":"https:\/\/lvrevolution.com\/es\/wp-json\/wp\/v2\/users\/1"}],"replies":[{"embeddable":true,"href":"https:\/\/lvrevolution.com\/es\/wp-json\/wp\/v2\/comments?post=27488"}],"version-history":[{"count":1,"href":"https:\/\/lvrevolution.com\/es\/wp-json\/wp\/v2\/pages\/27488\/revisions"}],"predecessor-version":[{"id":27489,"href":"https:\/\/lvrevolution.com\/es\/wp-json\/wp\/v2\/pages\/27488\/revisions\/27489"}],"wp:attachment":[{"href":"https:\/\/lvrevolution.com\/es\/wp-json\/wp\/v2\/media?parent=27488"}],"curies":[{"name":"wp","href":"https:\/\/api.w.org\/{rel}","templated":true}]}}