{"id":27263,"date":"2021-07-16T10:22:43","date_gmt":"2021-07-16T16:22:43","guid":{"rendered":"https:\/\/lvrevolution.com\/sobre-mi\/"},"modified":"2023-02-07T04:04:14","modified_gmt":"2023-02-07T11:04:14","slug":"sobre-mi","status":"publish","type":"page","link":"https:\/\/lvrevolution.com\/es\/sobre-mi\/","title":{"rendered":"Sobre la dise\u00f1adora"},"content":{"rendered":"<p>[et_pb_section fb_built=\u00bb1&#8243; admin_label=\u00bbHeader\u00bb _builder_version=\u00bb4.18.0&#8243; background_color=\u00bb#BA0047&#8243; use_background_color_gradient=\u00bbon\u00bb background_color_gradient_direction=\u00bb90deg\u00bb background_color_gradient_stops=\u00bb#ffffff 75%|rgba(0,0,0,0) 75%\u00bb background_color_gradient_start=\u00bb#ffffff\u00bb background_color_gradient_start_position=\u00bb75%\u00bb background_color_gradient_end=\u00bbrgba(0,0,0,0)\u00bb background_color_gradient_end_position=\u00bb75%\u00bb background_image=\u00bbhttps:\/\/lvrevolution.com\/wp-content\/uploads\/2021\/07\/Painter-artist-31.png\u00bb background_position=\u00bbcenter_right\u00bb custom_padding=\u00bb1px||0px|||\u00bb background_color_tablet=\u00bb#FFFFFF\u00bb background_last_edited=\u00bbon|tablet\u00bb background_enable_color_tablet=\u00bbon\u00bb use_background_color_gradient_tablet=\u00bboff\u00bb use_background_color_gradient_phone=\u00bboff\u00bb background_enable_image_tablet=\u00bboff\u00bb box_shadow_style=\u00bbpreset7&#8243; box_shadow_horizontal=\u00bb0px\u00bb box_shadow_vertical=\u00bb0px\u00bb box_shadow_color=\u00bb#ffffff\u00bb box_shadow_vertical_tablet=\u00bb-80vh\u00bb box_shadow_vertical_phone=\u00bb-90vh\u00bb box_shadow_vertical_last_edited=\u00bbon|phone\u00bb global_colors_info=\u00bb{}\u00bb][et_pb_row column_structure=\u00bb1_2,1_2&#8243; _builder_version=\u00bb4.16&#8243; custom_padding=\u00bb||17px|||\u00bb global_colors_info=\u00bb{}\u00bb][et_pb_column type=\u00bb1_2&#8243; _builder_version=\u00bb4.16&#8243; z_index=\u00bb10&#8243; global_colors_info=\u00bb{}\u00bb][et_pb_text _builder_version=\u00bb4.17.6&#8243; text_text_color=\u00bb#BA0047&#8243; header_font=\u00bb|800||on|||||\u00bb header_font_size=\u00bb7vw\u00bb header_letter_spacing=\u00bb-1px\u00bb custom_margin=\u00bb|-22vw|-20px||false|false\u00bb custom_margin_tablet=\u00bb|0vw|||false|false\u00bb custom_margin_phone=\u00bb\u00bb custom_margin_last_edited=\u00bbon|tablet\u00bb custom_padding=\u00bb||0px|||\u00bb hover_enabled=\u00bb0&#8243; header_font_size_tablet=\u00bb7vw\u00bb header_font_size_phone=\u00bb11vw\u00bb header_font_size_last_edited=\u00bbon|phone\u00bb locked=\u00bboff\u00bb global_colors_info=\u00bb{}\u00bb sticky_enabled=\u00bb0&#8243;]<\/p>\n<h1>Arantxa<\/h1>\n<h1>Story<\/h1>\n<p>&nbsp;<\/p>\n<p>[\/et_pb_text][et_pb_text _builder_version=\u00bb4.17.6&#8243; text_font=\u00bb||||||||\u00bb text_text_color=\u00bb#C80D46&#8243; text_font_size=\u00bb26px\u00bb text_line_height=\u00bb1.4em\u00bb max_width=\u00bb400px\u00bb max_width_tablet=\u00bb45%\u00bb max_width_phone=\u00bb100%\u00bb max_width_last_edited=\u00bbon|tablet\u00bb text_font_size_tablet=\u00bb18px\u00bb text_font_size_phone=\u00bb16px\u00bb text_font_size_last_edited=\u00bbon|phone\u00bb locked=\u00bboff\u00bb global_colors_info=\u00bb{}\u00bb]<\/p>\n<p>\u201cTodas las estrellas nacen en la oscuridad y toda oscuridad muere en la presencia de la luz.\u201d<\/p>\n<p>[\/et_pb_text][\/et_pb_column][et_pb_column type=\u00bb1_2&#8243; _builder_version=\u00bb4.16&#8243; global_colors_info=\u00bb{}\u00bb][et_pb_image src=\u00bbhttps:\/\/lvrevolution.com\/wp-content\/uploads\/2021\/10\/Love_Revolution_Arantxa__Dessert_08.jpeg\u00bb alt=\u00bbImagen Love Revolution Arantxa en el desierto\u00bb title_text=\u00bbImagen Love Revolution Arantxa en el desierto\u00bb align=\u00bbright\u00bb force_fullwidth=\u00bbon\u00bb src_tablet=\u00bbhttps:\/\/lvrevolution.com\/wp-content\/uploads\/2021\/10\/Love_Revolution_Arantxa__Dessert_08.jpeg\u00bb src_phone=\u00bbhttps:\/\/lvrevolution.com\/wp-content\/uploads\/2021\/10\/Love_Revolution_Arantxa__Dessert_08.jpeg\u00bb src_last_edited=\u00bboff|phone\u00bb _builder_version=\u00bb4.16&#8243; max_width_tablet=\u00bb\u00bb max_width_phone=\u00bb100%\u00bb max_width_last_edited=\u00bbon|tablet\u00bb animation_style=\u00bbflip\u00bb animation_direction=\u00bbleft\u00bb filter_saturate_last_edited=\u00bboff|desktop\u00bb border_color_right=\u00bbRGBA(0,0,0,0)\u00bb locked=\u00bboff\u00bb global_colors_info=\u00bb{}\u00bb filter_saturate__hover_enabled=\u00bbon|desktop\u00bb filter_saturate__hover=\u00bb100%\u00bb][\/et_pb_image][\/et_pb_column][\/et_pb_row][\/et_pb_section][et_pb_section fb_built=\u00bb1&#8243; custom_padding_last_edited=\u00bbon|phone\u00bb admin_label=\u00bbCV\u00bb _builder_version=\u00bb4.16&#8243; custom_padding=\u00bb0px||||false|false\u00bb custom_padding_tablet=\u00bb0px||||false|false\u00bb custom_padding_phone=\u00bb0px||||false|false\u00bb global_colors_info=\u00bb{}\u00bb][et_pb_row _builder_version=\u00bb4.16&#8243; custom_margin=\u00bb-8px|auto||auto||\u00bb custom_padding=\u00bb||5px|||\u00bb global_colors_info=\u00bb{}\u00bb][et_pb_column type=\u00bb4_4&#8243; _builder_version=\u00bb4.16&#8243; global_colors_info=\u00bb{}\u00bb][et_pb_text _builder_version=\u00bb4.18.0&#8243; text_line_height=\u00bb2.2em\u00bb width=\u00bb100%\u00bb max_width=\u00bb800px\u00bb module_alignment=\u00bbcenter\u00bb custom_margin=\u00bb||128px|||\u00bb custom_margin_tablet=\u00bb||35px||false|false\u00bb custom_margin_phone=\u00bb||35px||false|false\u00bb custom_margin_last_edited=\u00bbon|tablet\u00bb custom_padding=\u00bb||0px|||\u00bb text_line_height_tablet=\u00bb1.8em\u00bb text_line_height_phone=\u00bb1.8em\u00bb text_line_height_last_edited=\u00bbon|phone\u00bb locked=\u00bboff\u00bb global_colors_info=\u00bb{}\u00bb]<\/p>\n<p>Alguien me dijo una vez que <span style=\"color: #c80d46; font-weight: bold;\">est\u00e1 bien perderse uno mismo<\/span>, porque solo de esta manera, podr\u00e1s encontrarte a ti mismo realmente.<\/p>\n<p>He experimentado mucha oscuridad a lo largo de mi vida. Cosas que <span style=\"color: #c80d46; font-weight: bold;\">todav\u00eda estoy aprendiendo a sanar<\/span>.<\/p>\n<p>Nac\u00ed en un mundo en el que nunca sent\u00ed que encajaba verdaderamente.<\/p>\n<p>Entend\u00eda y ve\u00eda las cosas de manera diferente a la mayor\u00eda. <strong>\u00bfC\u00f3mo pueden los seres humanos hacer lo que hacen conscientemente?<\/strong> Ese es el problema&#8230; ning\u00fan ser humano que est\u00e9 verdaderamente consciente o despierto puede actuar de la forma en la que hemos estado actuando. Solo lo seres inconscientes o dormidos que <span style=\"color: #c80d46; font-weight: bold;\">no recuerdan qui\u00e9nes son<\/span>, lo hacen\u2026<\/p>\n<blockquote>\n<h3>Gente herida hiriendo a la gente.<\/h3>\n<\/blockquote>\n<p>Una ni\u00f1a peque\u00f1a, t\u00edmida, reprimida y asustada de decir su verdad o hacer cualquier ruido porque todo su mundo se estaba desmoronando. Todo estaba cayendo&#8230; <span style=\"color: #c80d46; font-weight: bold;\">la manera que sobrevivia era tratando de no respirar, ni ocupar demasiado espacio en el caos<\/span>. No hab\u00eda lugar para m\u00ed. Me volv\u00ed inexistente entre los vivos. Pero muy dentro de m\u00ed&#8230; all\u00ed, en el silencio&#8230; estaba yo. Me conoc\u00eda, me reconoc\u00eda <strong>ME RECORDABA&#8230;<\/strong> la otra chica no era mi verdadero yo. Era una versi\u00f3n muy herida de m\u00ed.<\/p>\n<p>En el fondo, yo sab\u00eda que hab\u00eda mucho poder dentro de mi pero ese conocimiento era demasiado paralizante y aterrador&#8230; Poco realista. \u00bfC\u00f3mo pod\u00edamos convivir las dos juntas?<\/p>\n<p><strong>Estaba tan desesperada por ser amada y aceptada, que suprim\u00ed todo<\/strong> lo que era para encajar en este mundo\u2026 \u00bfY cu\u00e1l es el valor de una mujer? No depende de la cifra de su peso o medidas f\u00edsicas, de su talla, ni de la ropa que decide usar. Ni tampoco depende de lo que tu crees que ella deber\u00eda ser o no&#8230;<\/p>\n<p>Lo m\u00e1s loco de tratar de encajar en este mundo, es que todos tienen una opini\u00f3n o creencia distinta y ven las cosas de manera diferente, con lo cual nunca pod\u00eda complacer a nadie y su amor siempre estaba condicionado con la supresi\u00f3n completa de mi yo aut\u00e9ntico. Apagu\u00e9 mi propia luz para que los dem\u00e1s se sintieran agusto con su propia forma de ser y de pensar. Ya, nada quedaba que les amenazara de mi presencia&#8230; y lentamente comenc\u00e9 a desaparecer y desvanecerme, olvid\u00e1ndome poco a poco de M\u00cd.<\/p>\n<p><strong>Me enterr\u00e9 tan profundo, que ya ni exist\u00eda.<\/strong><\/p>\n<p>Ocult\u00e9 mis habilidades y me encaj\u00e9 en los conceptos que el mundo quer\u00eda que fuese. Atrapada en la jaula de las limitaciones que me impon\u00eda todo el mundo.<\/p>\n<p>El dolor era mi nueva piel. El miedo era el monstruo que me arropaba por la noche. La culpabilidad era el vestido que utilizaba, para ocultar lo que me hab\u00eda sido robado. \u00bfRealmente mi valor es lo que el mundo dice que es?<\/p>\n<p>Me perd\u00ed por completo para poder encontrarme de nuevo.<\/p>\n<h2 style=\"color: #c80d46; line-height: 1.4; padding: 20px 0px;\">Despert\u00e9 de ese estado profundo de sue\u00f1o en el que todas las cosas se pierden y son encontradas de nuevo.<\/h2>\n<p>Para recuperar mi poder, tuve que soltar completamente y sumergirme en lo desconocido, <strong>liberando todo<\/strong> lo que cre\u00eda saber y pensaba que yo era. Me despoj\u00e9 de todo, para nacer de nuevo&#8230; Convirti\u00e9ndome en el TODO. De nuevo. Como mi ser verdadero. <span style=\"color: #c80d46; font-weight: bold;\">Tuve que caminar de nuevo en la oscuridad, arder en un fuego refinador y nacer de nuevo.<\/span> Dejando surgir la versi\u00f3n m\u00e1s hermosa que podr\u00eda haber imaginado de m\u00ed misma. Ese yo interior que siempre estuvo ah\u00ed esperando pacientemente a que me DESPERTARA.<\/p>\n<p><strong>El Amor es un hermoso motivador.<\/strong><\/p>\n<p>Me tom\u00f3 mucho valor y fuerza liberarme de las cadenas en las que me hab\u00eda atado.<\/p>\n<p>Me he dado cuenta de que en cualquier historia que se haya contado siempre hay opresores y villanos. Pero mientras que sigamos manteniendo esos personajes, siempre existir\u00e1n. Y si existen&#8230; tambi\u00e9n existir\u00e1 el \u201cpersonaje\u201d de la v\u00edctima.<\/p>\n<h2 style=\"color: #c80d46; line-height: 1.4; padding: 20px 0px;\">Para liberar a la v\u00edctima se debe liberar al opresor y su lugar en la historia. Liber\u00e9 a los que eran mis opresores y, con ellos, yo misma me liber\u00e9.<\/h2>\n<p>Siempre tuve las llaves de mi propia jaula. De hecho, cada uno somos las \u00fanicas LLAVES que nos pueden desatar. Liberar. <strong>Trascender<\/strong>. No importa el pasado o las circunstancias.<\/p>\n<p>[\/et_pb_text][\/et_pb_column][\/et_pb_row][et_pb_row column_structure=\u00bb1_2,1_2&#8243; _builder_version=\u00bb4.16&#8243; global_colors_info=\u00bb{}\u00bb][et_pb_column type=\u00bb1_2&#8243; _builder_version=\u00bb4.16&#8243; global_colors_info=\u00bb{}\u00bb][et_pb_text _builder_version=\u00bb4.17.6&#8243; text_font=\u00bb||||||||\u00bb text_text_color=\u00bb#C80D46&#8243; text_font_size=\u00bb57px\u00bb text_line_height=\u00bb1.2em\u00bb text_font_size_tablet=\u00bb44px\u00bb text_font_size_phone=\u00bb32px\u00bb text_font_size_last_edited=\u00bbon|phone\u00bb locked=\u00bboff\u00bb global_colors_info=\u00bb{}\u00bb]<\/p>\n<p>Cuando reconozcamos que somos la luz, ya no le tendremos miedo a la oscuridad,<\/p>\n<p>[\/et_pb_text][et_pb_image src=\u00bbhttps:\/\/lvrevolution.com\/wp-content\/uploads\/2021\/09\/ave_fenix_r2_c2.jpg\u00bb title_text=\u00bbAve F\u00e9nix\u00bb _builder_version=\u00bb4.16&#8243; _module_preset=\u00bbdefault\u00bb width_tablet=\u00bb80%\u00bb width_phone=\u00bb100%\u00bb width_last_edited=\u00bbon|tablet\u00bb module_alignment=\u00bbcenter\u00bb scroll_vertical_motion=\u00bb0|50|50|100|-2|0|9&#8243; scroll_vertical_motion_tablet=\u00bb0|50|50|100|-1|0|1&#8243; scroll_vertical_motion_phone=\u00bb0|50|50|100|-1|0|0&#8243; scroll_vertical_motion_last_edited=\u00bbon|tablet\u00bb border_color_all=\u00bb#BA0047&#8243; box_shadow_style=\u00bbpreset6&#8243; global_colors_info=\u00bb{}\u00bb][\/et_pb_image][et_pb_text _builder_version=\u00bb4.17.6&#8243; _module_preset=\u00bbdefault\u00bb text_font=\u00bb|300|||||||\u00bb global_colors_info=\u00bb{}\u00bb]<\/p>\n<p><strong>F\u00e9nix<\/strong> por Arantxa Story<\/p>\n<p>[\/et_pb_text][\/et_pb_column][et_pb_column type=\u00bb1_2&#8243; _builder_version=\u00bb4.16&#8243; global_colors_info=\u00bb{}\u00bb][et_pb_text _builder_version=\u00bb4.17.6&#8243; text_line_height=\u00bb2.2em\u00bb locked=\u00bboff\u00bb global_colors_info=\u00bb{}\u00bb]<\/p>\n<p><strong>Esta es mi voz y forma de expresi\u00f3n en el mundo, canalizando LUZ a trav\u00e9s de todas mis creaciones&#8230;<\/strong> y mi esperanza es crear un impacto a trav\u00e9s de <strong style=\"color: #c80d46; font-weight: bold; line-height: 1.4; padding: 20px 0px;\">Love Revolution<\/strong>. Una Revoluci\u00f3n de Positividad y Luz, porque el Amor es SUFICIENTE para transformar todas las cosas. Una comunidad de rebeldes del Amor que est\u00e1n dispuestos a levantarse y alzarse hacia al amor. Siendo uno. Volviendo a nuestro hogar original, el amor.<\/p>\n<p><strong>Espero que tengais la fuerza y el coraje<\/strong> para dar un paso hacia vuestra propia luz y reencontraros con vuestra esencia emprendiendo en este hermoso camino de transformaci\u00f3n como creadores, co-creando el mundo que siempre quisimos tener.<\/p>\n<p>Hemos venido a prosperar. A Celebrar.<\/p>\n<p>Yo elijo AMOR. YO SOY AMOR. YO SOY <strong>LOVE REVOLUTION.<\/strong><\/p>\n<p><strong>\u201cEl mejor amor es el que despierta el alma y nos hace alcanzar m\u00e1s, el que enciende el fuego en nuestros corazones y trae la paz a nuestras mentes.\u201d<\/strong><\/p>\n<p>Con todo mi Amor y Luz.<\/p>\n<h2 style=\"color: #c80d46; line-height: 1.4; padding: 20px 0px;\">Arantxa Story<\/h2>\n<p>[\/et_pb_text][\/et_pb_column][\/et_pb_row][\/et_pb_section][et_pb_section fb_built=\u00bb1&#8243; next_background_color=\u00bb#ffffff\u00bb _builder_version=\u00bb4.16&#8243; _module_preset=\u00bbdefault\u00bb background_color=\u00bb#BA0047&#8243; use_background_color_gradient=\u00bbon\u00bb background_color_gradient_direction=\u00bb234deg\u00bb background_color_gradient_stops=\u00bbrgba(0,0,0,0.31) 0%|rgba(255,255,255,0.11) 100%\u00bb background_color_gradient_overlays_image=\u00bbon\u00bb background_color_gradient_start=\u00bbrgba(0,0,0,0.31)\u00bb background_color_gradient_end=\u00bbrgba(255,255,255,0.11)\u00bb background_image=\u00bbhttps:\/\/lvrevolution.com\/wp-content\/uploads\/2021\/10\/Love_Revolution_Arantxa__Dessert_01.jpeg\u00bb min_height=\u00bb597px\u00bb custom_padding=\u00bb121px|||||\u00bb bottom_divider_style=\u00bbramp2&#8243; bottom_divider_height_tablet=\u00bb\u00bb bottom_divider_height_phone=\u00bb\u00bb bottom_divider_height_last_edited=\u00bbon|desktop\u00bb global_colors_info=\u00bb{}\u00bb][et_pb_row make_equal=\u00bbon\u00bb _builder_version=\u00bb4.16&#8243; _module_preset=\u00bbdefault\u00bb global_colors_info=\u00bb{}\u00bb][et_pb_column type=\u00bb4_4&#8243; _builder_version=\u00bb4.16&#8243; _module_preset=\u00bbdefault\u00bb global_colors_info=\u00bb{}\u00bb][et_pb_text _builder_version=\u00bb4.16&#8243; text_font=\u00bb||||||||\u00bb text_text_color=\u00bb#FFFFFF\u00bb text_font_size=\u00bb55px\u00bb text_line_height=\u00bb1.2em\u00bb text_orientation=\u00bbcenter\u00bb scroll_scaling_enable=\u00bbon\u00bb scroll_scaling=\u00bb0|50|50|100|50%|100%|100&#8243; text_font_size_tablet=\u00bb44px\u00bb text_font_size_phone=\u00bb37px\u00bb text_font_size_last_edited=\u00bbon|phone\u00bb locked=\u00bboff\u00bb global_colors_info=\u00bb{}\u00bb]<\/p>\n<p>\u201dEl mejor amor es el que <strong>despierta el alma<\/strong> y nos hace alcanzar m\u00e1s, <strong>el que enciende el fuego en nuestros corazones<\/strong> y <span style=\"text-decoration: underline;\">trae la paz a nuestras mentes.<\/span>\u201d<\/p>\n<p>[\/et_pb_text][\/et_pb_column][\/et_pb_row][\/et_pb_section][et_pb_section fb_built=\u00bb1&#8243; disabled_on=\u00bbon|on|on\u00bb _builder_version=\u00bb4.16&#8243; _module_preset=\u00bbdefault\u00bb disabled=\u00bbon\u00bb global_colors_info=\u00bb{}\u00bb][et_pb_row _builder_version=\u00bb4.16&#8243; global_colors_info=\u00bb{}\u00bb][et_pb_column type=\u00bb4_4&#8243; _builder_version=\u00bb4.16&#8243; global_colors_info=\u00bb{}\u00bb][et_pb_text _builder_version=\u00bb4.16&#8243; header_5_font=\u00bb||||||||\u00bb header_5_text_color=\u00bb#BA0047&#8243; header_5_font_size=\u00bb36px\u00bb header_5_font_size_tablet=\u00bb30px\u00bb header_5_font_size_phone=\u00bb26px\u00bb header_5_font_size_last_edited=\u00bbon|phone\u00bb locked=\u00bboff\u00bb global_colors_info=\u00bb{}\u00bb]<\/p>\n<h5>Eventos<\/h5>\n<p>[\/et_pb_text][et_pb_text _builder_version=\u00bb4.16&#8243; text_line_height=\u00bb2em\u00bb header_3_font=\u00bb|700|||||||\u00bb header_3_font_size=\u00bb16px\u00bb header_3_line_height=\u00bb1.2em\u00bb header_6_font=\u00bb|700||on|||||\u00bb header_6_text_color=\u00bb#BA0047&#8243; header_6_font_size=\u00bb12px\u00bb header_6_letter_spacing=\u00bb2px\u00bb header_6_line_height=\u00bb2em\u00bb header_3_font_size_tablet=\u00bb16px\u00bb header_3_font_size_last_edited=\u00bboff|tablet\u00bb locked=\u00bboff\u00bb global_colors_info=\u00bb{}\u00bb]<\/p>\n<h3>Amet Sit Consecteture<\/h3>\n<p>San Francisco, CA<\/p>\n<h6>Dic 2019<\/h6>\n<p>[\/et_pb_text][\/et_pb_column][\/et_pb_row][\/et_pb_section][et_pb_section fb_built=\u00bb1&#8243; disabled_on=\u00bboff|off|off\u00bb admin_label=\u00bbGallery\u00bb _builder_version=\u00bb4.16&#8243; overflow-x=\u00bbhidden\u00bb overflow-y=\u00bbhidden\u00bb global_colors_info=\u00bb{}\u00bb][et_pb_row _builder_version=\u00bb4.16&#8243; max_width=\u00bbnone\u00bb global_colors_info=\u00bb{}\u00bb][et_pb_column type=\u00bb4_4&#8243; _builder_version=\u00bb4.16&#8243; global_colors_info=\u00bb{}\u00bb][et_pb_text _builder_version=\u00bb4.18.0&#8243; header_2_font=\u00bbMontserrat|800||on|||||\u00bb header_2_text_color=\u00bb#C80D46&#8243; header_2_font_size=\u00bb4vw\u00bb header_2_line_height=\u00bb1.2em\u00bb z_index=\u00bb2&#8243; text_orientation=\u00bbcenter\u00bb custom_margin=\u00bb||||false|false\u00bb header_2_font_size_tablet=\u00bb100px\u00bb header_2_font_size_phone=\u00bb40px\u00bb header_2_font_size_last_edited=\u00bbon|phone\u00bb locked=\u00bboff\u00bb global_colors_info=\u00bb{}\u00bb]<\/p>\n<h2>Trabajos<\/h2>\n<p>[\/et_pb_text][\/et_pb_column][\/et_pb_row][et_pb_row use_custom_gutter=\u00bbon\u00bb gutter_width=\u00bb2&#8243; _builder_version=\u00bb4.16&#8243; z_index=\u00bb10&#8243; width=\u00bb90%\u00bb max_width=\u00bb1600px\u00bb custom_margin_tablet=\u00bb||0px||false|false\u00bb custom_margin_last_edited=\u00bboff|desktop\u00bb border_color_all=\u00bb#000000&#8243; border_width_top=\u00bb5px\u00bb border_width_bottom=\u00bb5px\u00bb locked=\u00bboff\u00bb global_colors_info=\u00bb{}\u00bb][et_pb_column type=\u00bb4_4&#8243; _builder_version=\u00bb4.16&#8243; global_colors_info=\u00bb{}\u00bb][et_pb_gallery gallery_ids=\u00bb27090,27091,27092,27093,27094,27095,27096,27097&#8243; posts_number=\u00bb8&#8243; show_title_and_caption=\u00bboff\u00bb _builder_version=\u00bb4.16&#8243; _module_preset=\u00bbdefault\u00bb global_colors_info=\u00bb{}\u00bb][\/et_pb_gallery][\/et_pb_column][\/et_pb_row][et_pb_row disabled_on=\u00bbon|on|on\u00bb _builder_version=\u00bb4.16&#8243; _module_preset=\u00bbdefault\u00bb disabled=\u00bbon\u00bb global_colors_info=\u00bb{}\u00bb][et_pb_column type=\u00bb4_4&#8243; _builder_version=\u00bb4.16&#8243; _module_preset=\u00bbdefault\u00bb global_colors_info=\u00bb{}\u00bb][et_pb_button button_text=\u00bbTodos los trabajos\u00bb button_alignment=\u00bbcenter\u00bb disabled_on=\u00bboff|off|off\u00bb _builder_version=\u00bb4.16&#8243; _module_preset=\u00bbdefault\u00bb custom_button=\u00bbon\u00bb button_text_size=\u00bb12px\u00bb button_text_color=\u00bb#ffffff\u00bb button_bg_color=\u00bb#BA0047&#8243; button_border_width=\u00bb0px\u00bb button_border_radius=\u00bb0px\u00bb button_letter_spacing=\u00bb2px\u00bb button_font=\u00bb|700||on|||||\u00bb custom_padding=\u00bb18px|40px|18px|40px|true|true\u00bb global_colors_info=\u00bb{}\u00bb][\/et_pb_button][et_pb_button button_url=\u00bb\/events\/\u00bb button_text=\u00bbMOSTRAR EVENTOS\u00bb _builder_version=\u00bb4.16&#8243; _module_preset=\u00bbdefault\u00bb global_colors_info=\u00bb{}\u00bb][\/et_pb_button][\/et_pb_column][\/et_pb_row][\/et_pb_section]<\/p>\n","protected":false},"excerpt":{"rendered":"<p>Arantxa Story &nbsp;\u201cTodas las estrellas nacen en la oscuridad y toda oscuridad muere en la presencia de la luz.\u201dAlguien me dijo una vez que est\u00e1 bien perderse uno mismo, porque [&hellip;]<\/p>\n","protected":false},"author":1,"featured_media":0,"parent":0,"menu_order":0,"comment_status":"closed","ping_status":"closed","template":"","meta":{"_et_pb_use_builder":"on","_et_pb_old_content":"","_et_gb_content_width":"","_coblocks_attr":"","_coblocks_dimensions":"","_coblocks_responsive_height":"","_coblocks_accordion_ie_support":"","footnotes":""},"class_list":["post-27263","page","type-page","status-publish","hentry"],"_links":{"self":[{"href":"https:\/\/lvrevolution.com\/es\/wp-json\/wp\/v2\/pages\/27263","targetHints":{"allow":["GET"]}}],"collection":[{"href":"https:\/\/lvrevolution.com\/es\/wp-json\/wp\/v2\/pages"}],"about":[{"href":"https:\/\/lvrevolution.com\/es\/wp-json\/wp\/v2\/types\/page"}],"author":[{"embeddable":true,"href":"https:\/\/lvrevolution.com\/es\/wp-json\/wp\/v2\/users\/1"}],"replies":[{"embeddable":true,"href":"https:\/\/lvrevolution.com\/es\/wp-json\/wp\/v2\/comments?post=27263"}],"version-history":[{"count":24,"href":"https:\/\/lvrevolution.com\/es\/wp-json\/wp\/v2\/pages\/27263\/revisions"}],"predecessor-version":[{"id":27928,"href":"https:\/\/lvrevolution.com\/es\/wp-json\/wp\/v2\/pages\/27263\/revisions\/27928"}],"wp:attachment":[{"href":"https:\/\/lvrevolution.com\/es\/wp-json\/wp\/v2\/media?parent=27263"}],"curies":[{"name":"wp","href":"https:\/\/api.w.org\/{rel}","templated":true}]}}